{"id":3592,"date":"2024-10-12T13:18:59","date_gmt":"2024-10-12T17:18:59","guid":{"rendered":"https:\/\/canatees.com\/product\/house-music-femmes\/"},"modified":"2024-10-12T13:18:59","modified_gmt":"2024-10-12T17:18:59","slug":"house-music-femmes","status":"publish","type":"product","link":"https:\/\/canatees.com\/fr\/produit\/house-music-femmes\/","title":{"rendered":"House Music (Femmes)"},"content":{"rendered":"<p>T-shirt de qualit\u00e9 pour femmes, d\u00e9cor\u00e9 d&rsquo;une impression color\u00e9e \u00ab\u00a0House Music\u00a0\u00bb et d&rsquo;un motif en vinyle. Disponible en bleu marine, noir et blanc. <\/p>\n","protected":false},"excerpt":{"rendered":"<p>T-shirt de qualit\u00e9 pour femmes, d\u00e9cor\u00e9 d&rsquo;une impression color\u00e9e \u00ab\u00a0House Music\u00a0\u00bb et d&rsquo;un motif en vinyle. Disponible en bleu marine, noir et blanc. <\/p>\n","protected":false},"featured_media":3472,"template":"","meta":{"_et_pb_use_builder":"","_et_pb_old_content":"","_et_gb_content_width":""},"product_brand":[],"product_cat":[72,74,76],"product_tag":[147,97,91],"class_list":{"0":"post-3592","1":"product","2":"type-product","3":"status-publish","4":"has-post-thumbnail","6":"product_cat-mode-fr","7":"product_cat-mode-de-vie-fr","8":"product_cat-musique-fr","9":"product_tag-femmes","10":"product_tag-house-music-fr","11":"product_tag-t-shirt-fr","12":"product_shipping_class-flat-fee-shipping-fr","14":"first","15":"instock","16":"taxable","17":"shipping-taxable","18":"purchasable","19":"product-type-variable"},"yoast_head":"<!-- This site is optimized with the Yoast SEO plugin v26.6 - https:\/\/yoast.com\/wordpress\/plugins\/seo\/ -->\n<title>House Music (Femmes) - Canatees<\/title>\n<meta name=\"description\" content=\"T-shirt de qualit\u00e9 pour femmes, d\u00e9cor\u00e9 d&#039;une impression color\u00e9e &quot;House Music&quot; et d&#039;un motif en vinyle. Disponible en bleu marine, noir et blanc.\" \/>\n<meta name=\"robots\" content=\"index, follow, max-snippet:-1, max-image-preview:large, max-video-preview:-1\" \/>\n<link rel=\"canonical\" href=\"https:\/\/canatees.com\/fr\/produit\/house-music-femmes\/\" \/>\n<meta property=\"og:locale\" content=\"fr_FR\" \/>\n<meta property=\"og:type\" content=\"article\" \/>\n<meta property=\"og:title\" content=\"House Music (Femmes) - Canatees\" \/>\n<meta property=\"og:description\" content=\"T-shirt de qualit\u00e9 pour femmes, d\u00e9cor\u00e9 d&#039;une impression color\u00e9e &quot;House Music&quot; et d&#039;un motif en vinyle. Disponible en bleu marine, noir et blanc.\" \/>\n<meta property=\"og:url\" content=\"https:\/\/canatees.com\/fr\/produit\/house-music-femmes\/\" \/>\n<meta property=\"og:site_name\" content=\"Canatees\" \/>\n<meta property=\"article:publisher\" content=\"https:\/\/www.facebook.com\/profile.php?id=61560572533475\" \/>\n<meta property=\"og:image\" content=\"https:\/\/canatees.com\/wp-content\/uploads\/2024\/10\/house-music-for-women.jpg\" \/>\n\t<meta property=\"og:image:width\" content=\"1500\" \/>\n\t<meta property=\"og:image:height\" content=\"1500\" \/>\n\t<meta property=\"og:image:type\" content=\"image\/jpeg\" \/>\n<meta name=\"twitter:card\" content=\"summary_large_image\" \/>\n<meta name=\"twitter:site\" content=\"@canatees_canada\" \/>\n<script type=\"application\/ld+json\" class=\"yoast-schema-graph\">{\"@context\":\"https:\/\/schema.org\",\"@graph\":[{\"@type\":\"WebPage\",\"@id\":\"https:\/\/canatees.com\/fr\/produit\/house-music-femmes\/\",\"url\":\"https:\/\/canatees.com\/fr\/produit\/house-music-femmes\/\",\"name\":\"House Music (Femmes) - Canatees\",\"isPartOf\":{\"@id\":\"https:\/\/canatees.com\/fr\/#website\"},\"primaryImageOfPage\":{\"@id\":\"https:\/\/canatees.com\/fr\/produit\/house-music-femmes\/#primaryimage\"},\"image\":{\"@id\":\"https:\/\/canatees.com\/fr\/produit\/house-music-femmes\/#primaryimage\"},\"thumbnailUrl\":\"https:\/\/canatees.com\/wp-content\/uploads\/2024\/10\/House-Music-Women-White.jpg\",\"datePublished\":\"2024-10-12T17:18:59+00:00\",\"description\":\"T-shirt de qualit\u00e9 pour femmes, d\u00e9cor\u00e9 d'une impression color\u00e9e \\\"House Music\\\" et d'un motif en vinyle. Disponible en bleu marine, noir et blanc.\",\"breadcrumb\":{\"@id\":\"https:\/\/canatees.com\/fr\/produit\/house-music-femmes\/#breadcrumb\"},\"inLanguage\":\"fr-FR\",\"potentialAction\":[{\"@type\":\"ReadAction\",\"target\":[\"https:\/\/canatees.com\/fr\/produit\/house-music-femmes\/\"]}]},{\"@type\":\"ImageObject\",\"inLanguage\":\"fr-FR\",\"@id\":\"https:\/\/canatees.com\/fr\/produit\/house-music-femmes\/#primaryimage\",\"url\":\"https:\/\/canatees.com\/wp-content\/uploads\/2024\/10\/House-Music-Women-White.jpg\",\"contentUrl\":\"https:\/\/canatees.com\/wp-content\/uploads\/2024\/10\/House-Music-Women-White.jpg\",\"width\":1157,\"height\":1416,\"caption\":\"House\"},{\"@type\":\"BreadcrumbList\",\"@id\":\"https:\/\/canatees.com\/fr\/produit\/house-music-femmes\/#breadcrumb\",\"itemListElement\":[{\"@type\":\"ListItem\",\"position\":1,\"name\":\"Home\",\"item\":\"https:\/\/canatees.com\/fr\/\"},{\"@type\":\"ListItem\",\"position\":2,\"name\":\"Shop\",\"item\":\"https:\/\/canatees.com\/shop\/\"},{\"@type\":\"ListItem\",\"position\":3,\"name\":\"House Music (Femmes)\"}]},{\"@type\":\"WebSite\",\"@id\":\"https:\/\/canatees.com\/fr\/#website\",\"url\":\"https:\/\/canatees.com\/fr\/\",\"name\":\"Canatees\",\"description\":\"T-shirts &amp; Hoodies Canada\",\"publisher\":{\"@id\":\"https:\/\/canatees.com\/fr\/#organization\"},\"potentialAction\":[{\"@type\":\"SearchAction\",\"target\":{\"@type\":\"EntryPoint\",\"urlTemplate\":\"https:\/\/canatees.com\/fr\/?s={search_term_string}\"},\"query-input\":{\"@type\":\"PropertyValueSpecification\",\"valueRequired\":true,\"valueName\":\"search_term_string\"}}],\"inLanguage\":\"fr-FR\"},{\"@type\":\"Organization\",\"@id\":\"https:\/\/canatees.com\/fr\/#organization\",\"name\":\"Canatees\",\"url\":\"https:\/\/canatees.com\/fr\/\",\"logo\":{\"@type\":\"ImageObject\",\"inLanguage\":\"fr-FR\",\"@id\":\"https:\/\/canatees.com\/fr\/#\/schema\/logo\/image\/\",\"url\":\"https:\/\/canatees.com\/wp-content\/uploads\/2024\/06\/canatees_logo_web.png\",\"contentUrl\":\"https:\/\/canatees.com\/wp-content\/uploads\/2024\/06\/canatees_logo_web.png\",\"width\":500,\"height\":159,\"caption\":\"Canatees\"},\"image\":{\"@id\":\"https:\/\/canatees.com\/fr\/#\/schema\/logo\/image\/\"},\"sameAs\":[\"https:\/\/www.facebook.com\/profile.php?id=61560572533475\",\"https:\/\/x.com\/canatees_canada\"]}]}<\/script>\n<!-- \/ Yoast SEO plugin. -->","yoast_head_json":{"title":"House Music (Femmes) - Canatees","description":"T-shirt de qualit\u00e9 pour femmes, d\u00e9cor\u00e9 d'une impression color\u00e9e \"House Music\" et d'un motif en vinyle. Disponible en bleu marine, noir et blanc.","robots":{"index":"index","follow":"follow","max-snippet":"max-snippet:-1","max-image-preview":"max-image-preview:large","max-video-preview":"max-video-preview:-1"},"canonical":"https:\/\/canatees.com\/fr\/produit\/house-music-femmes\/","og_locale":"fr_FR","og_type":"article","og_title":"House Music (Femmes) - Canatees","og_description":"T-shirt de qualit\u00e9 pour femmes, d\u00e9cor\u00e9 d'une impression color\u00e9e \"House Music\" et d'un motif en vinyle. Disponible en bleu marine, noir et blanc.","og_url":"https:\/\/canatees.com\/fr\/produit\/house-music-femmes\/","og_site_name":"Canatees","article_publisher":"https:\/\/www.facebook.com\/profile.php?id=61560572533475","og_image":[{"width":1500,"height":1500,"url":"https:\/\/canatees.com\/wp-content\/uploads\/2024\/10\/house-music-for-women.jpg","type":"image\/jpeg"}],"twitter_card":"summary_large_image","twitter_site":"@canatees_canada","schema":{"@context":"https:\/\/schema.org","@graph":[{"@type":"WebPage","@id":"https:\/\/canatees.com\/fr\/produit\/house-music-femmes\/","url":"https:\/\/canatees.com\/fr\/produit\/house-music-femmes\/","name":"House Music (Femmes) - Canatees","isPartOf":{"@id":"https:\/\/canatees.com\/fr\/#website"},"primaryImageOfPage":{"@id":"https:\/\/canatees.com\/fr\/produit\/house-music-femmes\/#primaryimage"},"image":{"@id":"https:\/\/canatees.com\/fr\/produit\/house-music-femmes\/#primaryimage"},"thumbnailUrl":"https:\/\/canatees.com\/wp-content\/uploads\/2024\/10\/House-Music-Women-White.jpg","datePublished":"2024-10-12T17:18:59+00:00","description":"T-shirt de qualit\u00e9 pour femmes, d\u00e9cor\u00e9 d'une impression color\u00e9e \"House Music\" et d'un motif en vinyle. Disponible en bleu marine, noir et blanc.","breadcrumb":{"@id":"https:\/\/canatees.com\/fr\/produit\/house-music-femmes\/#breadcrumb"},"inLanguage":"fr-FR","potentialAction":[{"@type":"ReadAction","target":["https:\/\/canatees.com\/fr\/produit\/house-music-femmes\/"]}]},{"@type":"ImageObject","inLanguage":"fr-FR","@id":"https:\/\/canatees.com\/fr\/produit\/house-music-femmes\/#primaryimage","url":"https:\/\/canatees.com\/wp-content\/uploads\/2024\/10\/House-Music-Women-White.jpg","contentUrl":"https:\/\/canatees.com\/wp-content\/uploads\/2024\/10\/House-Music-Women-White.jpg","width":1157,"height":1416,"caption":"House"},{"@type":"BreadcrumbList","@id":"https:\/\/canatees.com\/fr\/produit\/house-music-femmes\/#breadcrumb","itemListElement":[{"@type":"ListItem","position":1,"name":"Home","item":"https:\/\/canatees.com\/fr\/"},{"@type":"ListItem","position":2,"name":"Shop","item":"https:\/\/canatees.com\/shop\/"},{"@type":"ListItem","position":3,"name":"House Music (Femmes)"}]},{"@type":"WebSite","@id":"https:\/\/canatees.com\/fr\/#website","url":"https:\/\/canatees.com\/fr\/","name":"Canatees","description":"T-shirts &amp; Hoodies Canada","publisher":{"@id":"https:\/\/canatees.com\/fr\/#organization"},"potentialAction":[{"@type":"SearchAction","target":{"@type":"EntryPoint","urlTemplate":"https:\/\/canatees.com\/fr\/?s={search_term_string}"},"query-input":{"@type":"PropertyValueSpecification","valueRequired":true,"valueName":"search_term_string"}}],"inLanguage":"fr-FR"},{"@type":"Organization","@id":"https:\/\/canatees.com\/fr\/#organization","name":"Canatees","url":"https:\/\/canatees.com\/fr\/","logo":{"@type":"ImageObject","inLanguage":"fr-FR","@id":"https:\/\/canatees.com\/fr\/#\/schema\/logo\/image\/","url":"https:\/\/canatees.com\/wp-content\/uploads\/2024\/06\/canatees_logo_web.png","contentUrl":"https:\/\/canatees.com\/wp-content\/uploads\/2024\/06\/canatees_logo_web.png","width":500,"height":159,"caption":"Canatees"},"image":{"@id":"https:\/\/canatees.com\/fr\/#\/schema\/logo\/image\/"},"sameAs":["https:\/\/www.facebook.com\/profile.php?id=61560572533475","https:\/\/x.com\/canatees_canada"]}]}},"_links":{"self":[{"href":"https:\/\/canatees.com\/fr\/wp-json\/wp\/v2\/product\/3592","targetHints":{"allow":["GET"]}}],"collection":[{"href":"https:\/\/canatees.com\/fr\/wp-json\/wp\/v2\/product"}],"about":[{"href":"https:\/\/canatees.com\/fr\/wp-json\/wp\/v2\/types\/product"}],"wp:featuredmedia":[{"embeddable":true,"href":"https:\/\/canatees.com\/fr\/wp-json\/wp\/v2\/media\/3472"}],"wp:attachment":[{"href":"https:\/\/canatees.com\/fr\/wp-json\/wp\/v2\/media?parent=3592"}],"wp:term":[{"taxonomy":"product_brand","embeddable":true,"href":"https:\/\/canatees.com\/fr\/wp-json\/wp\/v2\/product_brand?post=3592"},{"taxonomy":"product_cat","embeddable":true,"href":"https:\/\/canatees.com\/fr\/wp-json\/wp\/v2\/product_cat?post=3592"},{"taxonomy":"product_tag","embeddable":true,"href":"https:\/\/canatees.com\/fr\/wp-json\/wp\/v2\/product_tag?post=3592"}],"curies":[{"name":"wp","href":"https:\/\/api.w.org\/{rel}","templated":true}]}}