{"id":3148,"date":"2024-08-10T12:10:39","date_gmt":"2024-08-10T16:10:39","guid":{"rendered":"https:\/\/canatees.com\/product\/ville-de-new-york\/"},"modified":"2024-08-10T12:10:39","modified_gmt":"2024-08-10T16:10:39","slug":"ville-de-new-york","status":"publish","type":"product","link":"https:\/\/canatees.com\/fr\/produit\/ville-de-new-york\/","title":{"rendered":"Ville de New York"},"content":{"rendered":"<p>T-shirt de qualit\u00e9 avec impression de l&rsquo;horizon de la ville de New York. Disponible en blanc, ciel, vert for\u00eat, noir, bleu royal, poussi\u00e8re de prairie et vert militaire. Nous proposons \u00e9galement un sweat \u00e0 capuche noir ou blanc.<\/p>\n","protected":false},"excerpt":{"rendered":"<p>T-shirt de qualit\u00e9 avec impression de l&rsquo;horizon de la ville de New York. Disponible en blanc, ciel, vert for\u00eat, noir, bleu royal, poussi\u00e8re de prairie et vert militaire. Nous proposons \u00e9galement un sweat \u00e0 capuche noir ou blanc.<\/p>\n","protected":false},"featured_media":2914,"template":"","meta":{"_et_pb_use_builder":"","_et_pb_old_content":"","_et_gb_content_width":""},"product_brand":[],"product_cat":[72,74,71,69],"product_tag":[89,90,91],"class_list":{"0":"post-3148","1":"product","2":"type-product","3":"status-publish","4":"has-post-thumbnail","6":"product_cat-mode-fr","7":"product_cat-mode-de-vie-fr","8":"product_cat-tout-fr","9":"product_cat-villes-et-pays","10":"product_tag-new-york-fr","11":"product_tag-new-york-city-fr","12":"product_tag-t-shirt-fr","13":"product_shipping_class-flat-fee-shipping-fr","15":"first","16":"instock","17":"taxable","18":"shipping-taxable","19":"purchasable","20":"product-type-variable"},"yoast_head":"<!-- This site is optimized with the Yoast SEO plugin v26.6 - https:\/\/yoast.com\/wordpress\/plugins\/seo\/ -->\n<title>Ville de New York - Canatees<\/title>\n<meta name=\"description\" content=\"T-shirt de qualit\u00e9 avec impression de l&#039;horizon de la ville de New York. Disponible en blanc, ciel, vert for\u00eat, noir, bleu royal, poussi\u00e8re de prairie et vert militaire.\" \/>\n<meta name=\"robots\" content=\"index, follow, max-snippet:-1, max-image-preview:large, max-video-preview:-1\" \/>\n<link rel=\"canonical\" href=\"https:\/\/canatees.com\/fr\/produit\/ville-de-new-york\/\" \/>\n<meta property=\"og:locale\" content=\"fr_FR\" \/>\n<meta property=\"og:type\" content=\"article\" \/>\n<meta property=\"og:title\" content=\"Ville de New York - Canatees\" \/>\n<meta property=\"og:description\" content=\"T-shirt de qualit\u00e9 avec impression de l&#039;horizon de la ville de New York. Disponible en blanc, ciel, vert for\u00eat, noir, bleu royal, poussi\u00e8re de prairie et vert militaire.\" \/>\n<meta property=\"og:url\" content=\"https:\/\/canatees.com\/fr\/produit\/ville-de-new-york\/\" \/>\n<meta property=\"og:site_name\" content=\"Canatees\" \/>\n<meta property=\"article:publisher\" content=\"https:\/\/www.facebook.com\/profile.php?id=61560572533475\" \/>\n<meta property=\"og:image\" content=\"https:\/\/canatees.com\/wp-content\/uploads\/2024\/08\/NYC-Tshirt.jpg\" \/>\n\t<meta property=\"og:image:width\" content=\"1500\" \/>\n\t<meta property=\"og:image:height\" content=\"1500\" \/>\n\t<meta property=\"og:image:type\" content=\"image\/jpeg\" \/>\n<meta name=\"twitter:card\" content=\"summary_large_image\" \/>\n<meta name=\"twitter:site\" content=\"@canatees_canada\" \/>\n<script type=\"application\/ld+json\" class=\"yoast-schema-graph\">{\"@context\":\"https:\/\/schema.org\",\"@graph\":[{\"@type\":\"WebPage\",\"@id\":\"https:\/\/canatees.com\/fr\/produit\/ville-de-new-york\/\",\"url\":\"https:\/\/canatees.com\/fr\/produit\/ville-de-new-york\/\",\"name\":\"Ville de New York - Canatees\",\"isPartOf\":{\"@id\":\"https:\/\/canatees.com\/fr\/#website\"},\"primaryImageOfPage\":{\"@id\":\"https:\/\/canatees.com\/fr\/produit\/ville-de-new-york\/#primaryimage\"},\"image\":{\"@id\":\"https:\/\/canatees.com\/fr\/produit\/ville-de-new-york\/#primaryimage\"},\"thumbnailUrl\":\"https:\/\/canatees.com\/wp-content\/uploads\/2024\/08\/New-York-City-Black-1.png\",\"datePublished\":\"2024-08-10T16:10:39+00:00\",\"description\":\"T-shirt de qualit\u00e9 avec impression de l'horizon de la ville de New York. Disponible en blanc, ciel, vert for\u00eat, noir, bleu royal, poussi\u00e8re de prairie et vert militaire.\",\"breadcrumb\":{\"@id\":\"https:\/\/canatees.com\/fr\/produit\/ville-de-new-york\/#breadcrumb\"},\"inLanguage\":\"fr-FR\",\"potentialAction\":[{\"@type\":\"ReadAction\",\"target\":[\"https:\/\/canatees.com\/fr\/produit\/ville-de-new-york\/\"]}]},{\"@type\":\"ImageObject\",\"inLanguage\":\"fr-FR\",\"@id\":\"https:\/\/canatees.com\/fr\/produit\/ville-de-new-york\/#primaryimage\",\"url\":\"https:\/\/canatees.com\/wp-content\/uploads\/2024\/08\/New-York-City-Black-1.png\",\"contentUrl\":\"https:\/\/canatees.com\/wp-content\/uploads\/2024\/08\/New-York-City-Black-1.png\",\"width\":1058,\"height\":1196},{\"@type\":\"BreadcrumbList\",\"@id\":\"https:\/\/canatees.com\/fr\/produit\/ville-de-new-york\/#breadcrumb\",\"itemListElement\":[{\"@type\":\"ListItem\",\"position\":1,\"name\":\"Home\",\"item\":\"https:\/\/canatees.com\/fr\/\"},{\"@type\":\"ListItem\",\"position\":2,\"name\":\"Shop\",\"item\":\"https:\/\/canatees.com\/shop\/\"},{\"@type\":\"ListItem\",\"position\":3,\"name\":\"Ville de New York\"}]},{\"@type\":\"WebSite\",\"@id\":\"https:\/\/canatees.com\/fr\/#website\",\"url\":\"https:\/\/canatees.com\/fr\/\",\"name\":\"Canatees\",\"description\":\"T-shirts &amp; Hoodies Canada\",\"publisher\":{\"@id\":\"https:\/\/canatees.com\/fr\/#organization\"},\"potentialAction\":[{\"@type\":\"SearchAction\",\"target\":{\"@type\":\"EntryPoint\",\"urlTemplate\":\"https:\/\/canatees.com\/fr\/?s={search_term_string}\"},\"query-input\":{\"@type\":\"PropertyValueSpecification\",\"valueRequired\":true,\"valueName\":\"search_term_string\"}}],\"inLanguage\":\"fr-FR\"},{\"@type\":\"Organization\",\"@id\":\"https:\/\/canatees.com\/fr\/#organization\",\"name\":\"Canatees\",\"url\":\"https:\/\/canatees.com\/fr\/\",\"logo\":{\"@type\":\"ImageObject\",\"inLanguage\":\"fr-FR\",\"@id\":\"https:\/\/canatees.com\/fr\/#\/schema\/logo\/image\/\",\"url\":\"https:\/\/canatees.com\/wp-content\/uploads\/2024\/06\/canatees_logo_web.png\",\"contentUrl\":\"https:\/\/canatees.com\/wp-content\/uploads\/2024\/06\/canatees_logo_web.png\",\"width\":500,\"height\":159,\"caption\":\"Canatees\"},\"image\":{\"@id\":\"https:\/\/canatees.com\/fr\/#\/schema\/logo\/image\/\"},\"sameAs\":[\"https:\/\/www.facebook.com\/profile.php?id=61560572533475\",\"https:\/\/x.com\/canatees_canada\"]}]}<\/script>\n<!-- \/ Yoast SEO plugin. -->","yoast_head_json":{"title":"Ville de New York - Canatees","description":"T-shirt de qualit\u00e9 avec impression de l'horizon de la ville de New York. Disponible en blanc, ciel, vert for\u00eat, noir, bleu royal, poussi\u00e8re de prairie et vert militaire.","robots":{"index":"index","follow":"follow","max-snippet":"max-snippet:-1","max-image-preview":"max-image-preview:large","max-video-preview":"max-video-preview:-1"},"canonical":"https:\/\/canatees.com\/fr\/produit\/ville-de-new-york\/","og_locale":"fr_FR","og_type":"article","og_title":"Ville de New York - Canatees","og_description":"T-shirt de qualit\u00e9 avec impression de l'horizon de la ville de New York. Disponible en blanc, ciel, vert for\u00eat, noir, bleu royal, poussi\u00e8re de prairie et vert militaire.","og_url":"https:\/\/canatees.com\/fr\/produit\/ville-de-new-york\/","og_site_name":"Canatees","article_publisher":"https:\/\/www.facebook.com\/profile.php?id=61560572533475","og_image":[{"width":1500,"height":1500,"url":"https:\/\/canatees.com\/wp-content\/uploads\/2024\/08\/NYC-Tshirt.jpg","type":"image\/jpeg"}],"twitter_card":"summary_large_image","twitter_site":"@canatees_canada","schema":{"@context":"https:\/\/schema.org","@graph":[{"@type":"WebPage","@id":"https:\/\/canatees.com\/fr\/produit\/ville-de-new-york\/","url":"https:\/\/canatees.com\/fr\/produit\/ville-de-new-york\/","name":"Ville de New York - Canatees","isPartOf":{"@id":"https:\/\/canatees.com\/fr\/#website"},"primaryImageOfPage":{"@id":"https:\/\/canatees.com\/fr\/produit\/ville-de-new-york\/#primaryimage"},"image":{"@id":"https:\/\/canatees.com\/fr\/produit\/ville-de-new-york\/#primaryimage"},"thumbnailUrl":"https:\/\/canatees.com\/wp-content\/uploads\/2024\/08\/New-York-City-Black-1.png","datePublished":"2024-08-10T16:10:39+00:00","description":"T-shirt de qualit\u00e9 avec impression de l'horizon de la ville de New York. Disponible en blanc, ciel, vert for\u00eat, noir, bleu royal, poussi\u00e8re de prairie et vert militaire.","breadcrumb":{"@id":"https:\/\/canatees.com\/fr\/produit\/ville-de-new-york\/#breadcrumb"},"inLanguage":"fr-FR","potentialAction":[{"@type":"ReadAction","target":["https:\/\/canatees.com\/fr\/produit\/ville-de-new-york\/"]}]},{"@type":"ImageObject","inLanguage":"fr-FR","@id":"https:\/\/canatees.com\/fr\/produit\/ville-de-new-york\/#primaryimage","url":"https:\/\/canatees.com\/wp-content\/uploads\/2024\/08\/New-York-City-Black-1.png","contentUrl":"https:\/\/canatees.com\/wp-content\/uploads\/2024\/08\/New-York-City-Black-1.png","width":1058,"height":1196},{"@type":"BreadcrumbList","@id":"https:\/\/canatees.com\/fr\/produit\/ville-de-new-york\/#breadcrumb","itemListElement":[{"@type":"ListItem","position":1,"name":"Home","item":"https:\/\/canatees.com\/fr\/"},{"@type":"ListItem","position":2,"name":"Shop","item":"https:\/\/canatees.com\/shop\/"},{"@type":"ListItem","position":3,"name":"Ville de New York"}]},{"@type":"WebSite","@id":"https:\/\/canatees.com\/fr\/#website","url":"https:\/\/canatees.com\/fr\/","name":"Canatees","description":"T-shirts &amp; Hoodies Canada","publisher":{"@id":"https:\/\/canatees.com\/fr\/#organization"},"potentialAction":[{"@type":"SearchAction","target":{"@type":"EntryPoint","urlTemplate":"https:\/\/canatees.com\/fr\/?s={search_term_string}"},"query-input":{"@type":"PropertyValueSpecification","valueRequired":true,"valueName":"search_term_string"}}],"inLanguage":"fr-FR"},{"@type":"Organization","@id":"https:\/\/canatees.com\/fr\/#organization","name":"Canatees","url":"https:\/\/canatees.com\/fr\/","logo":{"@type":"ImageObject","inLanguage":"fr-FR","@id":"https:\/\/canatees.com\/fr\/#\/schema\/logo\/image\/","url":"https:\/\/canatees.com\/wp-content\/uploads\/2024\/06\/canatees_logo_web.png","contentUrl":"https:\/\/canatees.com\/wp-content\/uploads\/2024\/06\/canatees_logo_web.png","width":500,"height":159,"caption":"Canatees"},"image":{"@id":"https:\/\/canatees.com\/fr\/#\/schema\/logo\/image\/"},"sameAs":["https:\/\/www.facebook.com\/profile.php?id=61560572533475","https:\/\/x.com\/canatees_canada"]}]}},"_links":{"self":[{"href":"https:\/\/canatees.com\/fr\/wp-json\/wp\/v2\/product\/3148","targetHints":{"allow":["GET"]}}],"collection":[{"href":"https:\/\/canatees.com\/fr\/wp-json\/wp\/v2\/product"}],"about":[{"href":"https:\/\/canatees.com\/fr\/wp-json\/wp\/v2\/types\/product"}],"wp:featuredmedia":[{"embeddable":true,"href":"https:\/\/canatees.com\/fr\/wp-json\/wp\/v2\/media\/2914"}],"wp:attachment":[{"href":"https:\/\/canatees.com\/fr\/wp-json\/wp\/v2\/media?parent=3148"}],"wp:term":[{"taxonomy":"product_brand","embeddable":true,"href":"https:\/\/canatees.com\/fr\/wp-json\/wp\/v2\/product_brand?post=3148"},{"taxonomy":"product_cat","embeddable":true,"href":"https:\/\/canatees.com\/fr\/wp-json\/wp\/v2\/product_cat?post=3148"},{"taxonomy":"product_tag","embeddable":true,"href":"https:\/\/canatees.com\/fr\/wp-json\/wp\/v2\/product_tag?post=3148"}],"curies":[{"name":"wp","href":"https:\/\/api.w.org\/{rel}","templated":true}]}}