{"id":1578,"date":"2024-06-19T18:58:48","date_gmt":"2024-06-19T22:58:48","guid":{"rendered":"https:\/\/canatees.com\/product\/paresseux-mais-talentueux-imprime-rouge-bleu\/"},"modified":"2024-11-01T14:26:03","modified_gmt":"2024-11-01T18:26:03","slug":"paresseux-mais-talentueux-imprime-rouge-bleu","status":"publish","type":"product","link":"https:\/\/canatees.com\/fr\/produit\/paresseux-mais-talentueux-imprime-rouge-bleu\/","title":{"rendered":"Paresseux mais talentueux (imprim\u00e9 rouge-bleu)"},"content":{"rendered":"<p>T-shirt de qualit\u00e9, blanc, noir ou jaune, d\u00e9cor\u00e9 d&rsquo;un imprim\u00e9 color\u00e9 \u00ab\u00a0Lazy But Talented\u00a0\u00bb (Paresseux mais talentueux). Impression en rouge-bleu.<\/p>\n","protected":false},"excerpt":{"rendered":"<p>T-shirt de qualit\u00e9, blanc, noir ou jaune, d\u00e9cor\u00e9 d&rsquo;un imprim\u00e9 color\u00e9 \u00ab\u00a0Lazy But Talented\u00a0\u00bb (Paresseux mais talentueux). Impression en rouge-bleu.<\/p>\n","protected":false},"featured_media":469,"template":"","meta":{"_et_pb_use_builder":"","_et_pb_old_content":"","_et_gb_content_width":""},"product_brand":[],"product_cat":[72,74,71],"product_tag":[152,153],"class_list":{"0":"post-1578","1":"product","2":"type-product","3":"status-publish","4":"has-post-thumbnail","6":"product_cat-mode-fr","7":"product_cat-mode-de-vie-fr","8":"product_cat-tout-fr","9":"product_tag-paresseux","10":"product_tag-talentueux","11":"product_shipping_class-flat-fee-shipping-fr","13":"first","14":"instock","15":"taxable","16":"shipping-taxable","17":"purchasable","18":"product-type-variable"},"yoast_head":"<!-- This site is optimized with the Yoast SEO plugin v26.6 - https:\/\/yoast.com\/wordpress\/plugins\/seo\/ -->\n<title>Paresseux mais talentueux (imprim\u00e9 rouge-bleu) - Canatees<\/title>\n<meta name=\"description\" content=\"T-shirt de qualit\u00e9, blanc, noir ou jaune, d\u00e9cor\u00e9 d&#039;un imprim\u00e9 color\u00e9 &quot;Lazy But Talented&quot; (Paresseux mais talentueux). Impression en rouge-bleu.\" \/>\n<meta name=\"robots\" content=\"index, follow, max-snippet:-1, max-image-preview:large, max-video-preview:-1\" \/>\n<link rel=\"canonical\" href=\"https:\/\/canatees.com\/fr\/produit\/paresseux-mais-talentueux-imprime-rouge-bleu\/\" \/>\n<meta property=\"og:locale\" content=\"fr_FR\" \/>\n<meta property=\"og:type\" content=\"article\" \/>\n<meta property=\"og:title\" content=\"Paresseux mais talentueux (imprim\u00e9 rouge-bleu) - Canatees\" \/>\n<meta property=\"og:description\" content=\"T-shirt de qualit\u00e9, blanc, noir ou jaune, d\u00e9cor\u00e9 d&#039;un imprim\u00e9 color\u00e9 &quot;Lazy But Talented&quot; (Paresseux mais talentueux). Impression en rouge-bleu.\" \/>\n<meta property=\"og:url\" content=\"https:\/\/canatees.com\/fr\/produit\/paresseux-mais-talentueux-imprime-rouge-bleu\/\" \/>\n<meta property=\"og:site_name\" content=\"Canatees\" \/>\n<meta property=\"article:publisher\" content=\"https:\/\/www.facebook.com\/profile.php?id=61560572533475\" \/>\n<meta property=\"article:modified_time\" content=\"2024-11-01T18:26:03+00:00\" \/>\n<meta property=\"og:image\" content=\"https:\/\/canatees.com\/wp-content\/uploads\/2024\/06\/lazy-but-talented-yellow-t.png\" \/>\n\t<meta property=\"og:image:width\" content=\"663\" \/>\n\t<meta property=\"og:image:height\" content=\"775\" \/>\n\t<meta property=\"og:image:type\" content=\"image\/png\" \/>\n<meta name=\"twitter:card\" content=\"summary_large_image\" \/>\n<meta name=\"twitter:site\" content=\"@canatees_canada\" \/>\n<script type=\"application\/ld+json\" class=\"yoast-schema-graph\">{\"@context\":\"https:\/\/schema.org\",\"@graph\":[{\"@type\":\"WebPage\",\"@id\":\"https:\/\/canatees.com\/fr\/produit\/paresseux-mais-talentueux-imprime-rouge-bleu\/\",\"url\":\"https:\/\/canatees.com\/fr\/produit\/paresseux-mais-talentueux-imprime-rouge-bleu\/\",\"name\":\"Paresseux mais talentueux (imprim\u00e9 rouge-bleu) - Canatees\",\"isPartOf\":{\"@id\":\"https:\/\/canatees.com\/fr\/#website\"},\"primaryImageOfPage\":{\"@id\":\"https:\/\/canatees.com\/fr\/produit\/paresseux-mais-talentueux-imprime-rouge-bleu\/#primaryimage\"},\"image\":{\"@id\":\"https:\/\/canatees.com\/fr\/produit\/paresseux-mais-talentueux-imprime-rouge-bleu\/#primaryimage\"},\"thumbnailUrl\":\"https:\/\/canatees.com\/wp-content\/uploads\/2024\/06\/lazy-but-talented-yellow-t.png\",\"datePublished\":\"2024-06-19T22:58:48+00:00\",\"dateModified\":\"2024-11-01T18:26:03+00:00\",\"description\":\"T-shirt de qualit\u00e9, blanc, noir ou jaune, d\u00e9cor\u00e9 d'un imprim\u00e9 color\u00e9 \\\"Lazy But Talented\\\" (Paresseux mais talentueux). Impression en rouge-bleu.\",\"breadcrumb\":{\"@id\":\"https:\/\/canatees.com\/fr\/produit\/paresseux-mais-talentueux-imprime-rouge-bleu\/#breadcrumb\"},\"inLanguage\":\"fr-FR\",\"potentialAction\":[{\"@type\":\"ReadAction\",\"target\":[\"https:\/\/canatees.com\/fr\/produit\/paresseux-mais-talentueux-imprime-rouge-bleu\/\"]}]},{\"@type\":\"ImageObject\",\"inLanguage\":\"fr-FR\",\"@id\":\"https:\/\/canatees.com\/fr\/produit\/paresseux-mais-talentueux-imprime-rouge-bleu\/#primaryimage\",\"url\":\"https:\/\/canatees.com\/wp-content\/uploads\/2024\/06\/lazy-but-talented-yellow-t.png\",\"contentUrl\":\"https:\/\/canatees.com\/wp-content\/uploads\/2024\/06\/lazy-but-talented-yellow-t.png\",\"width\":663,\"height\":775},{\"@type\":\"BreadcrumbList\",\"@id\":\"https:\/\/canatees.com\/fr\/produit\/paresseux-mais-talentueux-imprime-rouge-bleu\/#breadcrumb\",\"itemListElement\":[{\"@type\":\"ListItem\",\"position\":1,\"name\":\"Home\",\"item\":\"https:\/\/canatees.com\/fr\/\"},{\"@type\":\"ListItem\",\"position\":2,\"name\":\"Shop\",\"item\":\"https:\/\/canatees.com\/shop\/\"},{\"@type\":\"ListItem\",\"position\":3,\"name\":\"Paresseux mais talentueux (imprim\u00e9 rouge-bleu)\"}]},{\"@type\":\"WebSite\",\"@id\":\"https:\/\/canatees.com\/fr\/#website\",\"url\":\"https:\/\/canatees.com\/fr\/\",\"name\":\"Canatees\",\"description\":\"T-shirts &amp; Hoodies Canada\",\"publisher\":{\"@id\":\"https:\/\/canatees.com\/fr\/#organization\"},\"potentialAction\":[{\"@type\":\"SearchAction\",\"target\":{\"@type\":\"EntryPoint\",\"urlTemplate\":\"https:\/\/canatees.com\/fr\/?s={search_term_string}\"},\"query-input\":{\"@type\":\"PropertyValueSpecification\",\"valueRequired\":true,\"valueName\":\"search_term_string\"}}],\"inLanguage\":\"fr-FR\"},{\"@type\":\"Organization\",\"@id\":\"https:\/\/canatees.com\/fr\/#organization\",\"name\":\"Canatees\",\"url\":\"https:\/\/canatees.com\/fr\/\",\"logo\":{\"@type\":\"ImageObject\",\"inLanguage\":\"fr-FR\",\"@id\":\"https:\/\/canatees.com\/fr\/#\/schema\/logo\/image\/\",\"url\":\"https:\/\/canatees.com\/wp-content\/uploads\/2024\/06\/canatees_logo_web.png\",\"contentUrl\":\"https:\/\/canatees.com\/wp-content\/uploads\/2024\/06\/canatees_logo_web.png\",\"width\":500,\"height\":159,\"caption\":\"Canatees\"},\"image\":{\"@id\":\"https:\/\/canatees.com\/fr\/#\/schema\/logo\/image\/\"},\"sameAs\":[\"https:\/\/www.facebook.com\/profile.php?id=61560572533475\",\"https:\/\/x.com\/canatees_canada\"]}]}<\/script>\n<!-- \/ Yoast SEO plugin. -->","yoast_head_json":{"title":"Paresseux mais talentueux (imprim\u00e9 rouge-bleu) - Canatees","description":"T-shirt de qualit\u00e9, blanc, noir ou jaune, d\u00e9cor\u00e9 d'un imprim\u00e9 color\u00e9 \"Lazy But Talented\" (Paresseux mais talentueux). Impression en rouge-bleu.","robots":{"index":"index","follow":"follow","max-snippet":"max-snippet:-1","max-image-preview":"max-image-preview:large","max-video-preview":"max-video-preview:-1"},"canonical":"https:\/\/canatees.com\/fr\/produit\/paresseux-mais-talentueux-imprime-rouge-bleu\/","og_locale":"fr_FR","og_type":"article","og_title":"Paresseux mais talentueux (imprim\u00e9 rouge-bleu) - Canatees","og_description":"T-shirt de qualit\u00e9, blanc, noir ou jaune, d\u00e9cor\u00e9 d'un imprim\u00e9 color\u00e9 \"Lazy But Talented\" (Paresseux mais talentueux). Impression en rouge-bleu.","og_url":"https:\/\/canatees.com\/fr\/produit\/paresseux-mais-talentueux-imprime-rouge-bleu\/","og_site_name":"Canatees","article_publisher":"https:\/\/www.facebook.com\/profile.php?id=61560572533475","article_modified_time":"2024-11-01T18:26:03+00:00","og_image":[{"width":663,"height":775,"url":"https:\/\/canatees.com\/wp-content\/uploads\/2024\/06\/lazy-but-talented-yellow-t.png","type":"image\/png"}],"twitter_card":"summary_large_image","twitter_site":"@canatees_canada","schema":{"@context":"https:\/\/schema.org","@graph":[{"@type":"WebPage","@id":"https:\/\/canatees.com\/fr\/produit\/paresseux-mais-talentueux-imprime-rouge-bleu\/","url":"https:\/\/canatees.com\/fr\/produit\/paresseux-mais-talentueux-imprime-rouge-bleu\/","name":"Paresseux mais talentueux (imprim\u00e9 rouge-bleu) - Canatees","isPartOf":{"@id":"https:\/\/canatees.com\/fr\/#website"},"primaryImageOfPage":{"@id":"https:\/\/canatees.com\/fr\/produit\/paresseux-mais-talentueux-imprime-rouge-bleu\/#primaryimage"},"image":{"@id":"https:\/\/canatees.com\/fr\/produit\/paresseux-mais-talentueux-imprime-rouge-bleu\/#primaryimage"},"thumbnailUrl":"https:\/\/canatees.com\/wp-content\/uploads\/2024\/06\/lazy-but-talented-yellow-t.png","datePublished":"2024-06-19T22:58:48+00:00","dateModified":"2024-11-01T18:26:03+00:00","description":"T-shirt de qualit\u00e9, blanc, noir ou jaune, d\u00e9cor\u00e9 d'un imprim\u00e9 color\u00e9 \"Lazy But Talented\" (Paresseux mais talentueux). Impression en rouge-bleu.","breadcrumb":{"@id":"https:\/\/canatees.com\/fr\/produit\/paresseux-mais-talentueux-imprime-rouge-bleu\/#breadcrumb"},"inLanguage":"fr-FR","potentialAction":[{"@type":"ReadAction","target":["https:\/\/canatees.com\/fr\/produit\/paresseux-mais-talentueux-imprime-rouge-bleu\/"]}]},{"@type":"ImageObject","inLanguage":"fr-FR","@id":"https:\/\/canatees.com\/fr\/produit\/paresseux-mais-talentueux-imprime-rouge-bleu\/#primaryimage","url":"https:\/\/canatees.com\/wp-content\/uploads\/2024\/06\/lazy-but-talented-yellow-t.png","contentUrl":"https:\/\/canatees.com\/wp-content\/uploads\/2024\/06\/lazy-but-talented-yellow-t.png","width":663,"height":775},{"@type":"BreadcrumbList","@id":"https:\/\/canatees.com\/fr\/produit\/paresseux-mais-talentueux-imprime-rouge-bleu\/#breadcrumb","itemListElement":[{"@type":"ListItem","position":1,"name":"Home","item":"https:\/\/canatees.com\/fr\/"},{"@type":"ListItem","position":2,"name":"Shop","item":"https:\/\/canatees.com\/shop\/"},{"@type":"ListItem","position":3,"name":"Paresseux mais talentueux (imprim\u00e9 rouge-bleu)"}]},{"@type":"WebSite","@id":"https:\/\/canatees.com\/fr\/#website","url":"https:\/\/canatees.com\/fr\/","name":"Canatees","description":"T-shirts &amp; Hoodies Canada","publisher":{"@id":"https:\/\/canatees.com\/fr\/#organization"},"potentialAction":[{"@type":"SearchAction","target":{"@type":"EntryPoint","urlTemplate":"https:\/\/canatees.com\/fr\/?s={search_term_string}"},"query-input":{"@type":"PropertyValueSpecification","valueRequired":true,"valueName":"search_term_string"}}],"inLanguage":"fr-FR"},{"@type":"Organization","@id":"https:\/\/canatees.com\/fr\/#organization","name":"Canatees","url":"https:\/\/canatees.com\/fr\/","logo":{"@type":"ImageObject","inLanguage":"fr-FR","@id":"https:\/\/canatees.com\/fr\/#\/schema\/logo\/image\/","url":"https:\/\/canatees.com\/wp-content\/uploads\/2024\/06\/canatees_logo_web.png","contentUrl":"https:\/\/canatees.com\/wp-content\/uploads\/2024\/06\/canatees_logo_web.png","width":500,"height":159,"caption":"Canatees"},"image":{"@id":"https:\/\/canatees.com\/fr\/#\/schema\/logo\/image\/"},"sameAs":["https:\/\/www.facebook.com\/profile.php?id=61560572533475","https:\/\/x.com\/canatees_canada"]}]}},"_links":{"self":[{"href":"https:\/\/canatees.com\/fr\/wp-json\/wp\/v2\/product\/1578","targetHints":{"allow":["GET"]}}],"collection":[{"href":"https:\/\/canatees.com\/fr\/wp-json\/wp\/v2\/product"}],"about":[{"href":"https:\/\/canatees.com\/fr\/wp-json\/wp\/v2\/types\/product"}],"wp:featuredmedia":[{"embeddable":true,"href":"https:\/\/canatees.com\/fr\/wp-json\/wp\/v2\/media\/469"}],"wp:attachment":[{"href":"https:\/\/canatees.com\/fr\/wp-json\/wp\/v2\/media?parent=1578"}],"wp:term":[{"taxonomy":"product_brand","embeddable":true,"href":"https:\/\/canatees.com\/fr\/wp-json\/wp\/v2\/product_brand?post=1578"},{"taxonomy":"product_cat","embeddable":true,"href":"https:\/\/canatees.com\/fr\/wp-json\/wp\/v2\/product_cat?post=1578"},{"taxonomy":"product_tag","embeddable":true,"href":"https:\/\/canatees.com\/fr\/wp-json\/wp\/v2\/product_tag?post=1578"}],"curies":[{"name":"wp","href":"https:\/\/api.w.org\/{rel}","templated":true}]}}