{"id":1310,"date":"2024-06-23T09:48:26","date_gmt":"2024-06-23T13:48:26","guid":{"rendered":"https:\/\/canatees.com\/product\/ligue-des-champions\/"},"modified":"2024-11-01T14:18:34","modified_gmt":"2024-11-01T18:18:34","slug":"ligue-des-champions","status":"publish","type":"product","link":"https:\/\/canatees.com\/fr\/produit\/ligue-des-champions\/","title":{"rendered":"Ligue des champions"},"content":{"rendered":"<p>T-shirt de qualit\u00e9 d\u00e9cor\u00e9 d&rsquo;une impression color\u00e9e \u00ab\u00a0Champion League\u00a0\u00bb. Disponible en marine et en blanc.<\/p>\n","protected":false},"excerpt":{"rendered":"<p>T-shirt de qualit\u00e9 d\u00e9cor\u00e9 d&rsquo;une impression color\u00e9e \u00ab\u00a0Champion League\u00a0\u00bb. Disponible en marine et en blanc.<\/p>\n","protected":false},"featured_media":902,"template":"","meta":{"_et_pb_use_builder":"","_et_pb_old_content":"","_et_gb_content_width":""},"product_brand":[],"product_cat":[72,103,71],"product_tag":[94,95,99,91],"class_list":{"0":"post-1310","1":"product","2":"type-product","3":"status-publish","4":"has-post-thumbnail","6":"product_cat-mode-fr","7":"product_cat-sports-fr","8":"product_cat-tout-fr","9":"product_tag-champion-fr","10":"product_tag-champion-league-fr","11":"product_tag-league-fr","12":"product_tag-t-shirt-fr","13":"product_shipping_class-flat-fee-shipping-fr","15":"first","16":"instock","17":"taxable","18":"shipping-taxable","19":"purchasable","20":"product-type-variable"},"yoast_head":"<!-- This site is optimized with the Yoast SEO plugin v26.6 - https:\/\/yoast.com\/wordpress\/plugins\/seo\/ -->\n<title>Ligue des champions - Canatees<\/title>\n<meta name=\"description\" content=\"T-shirt de qualit\u00e9 d\u00e9cor\u00e9 d&#039;une impression color\u00e9e &quot;Champion League&quot;. Disponible en marine et en blanc.\" \/>\n<meta name=\"robots\" content=\"index, follow, max-snippet:-1, max-image-preview:large, max-video-preview:-1\" \/>\n<link rel=\"canonical\" href=\"https:\/\/canatees.com\/fr\/produit\/ligue-des-champions\/\" \/>\n<meta property=\"og:locale\" content=\"fr_FR\" \/>\n<meta property=\"og:type\" content=\"article\" \/>\n<meta property=\"og:title\" content=\"Ligue des champions - Canatees\" \/>\n<meta property=\"og:description\" content=\"T-shirt de qualit\u00e9 d\u00e9cor\u00e9 d&#039;une impression color\u00e9e &quot;Champion League&quot;. Disponible en marine et en blanc.\" \/>\n<meta property=\"og:url\" content=\"https:\/\/canatees.com\/fr\/produit\/ligue-des-champions\/\" \/>\n<meta property=\"og:site_name\" content=\"Canatees\" \/>\n<meta property=\"article:publisher\" content=\"https:\/\/www.facebook.com\/profile.php?id=61560572533475\" \/>\n<meta property=\"article:modified_time\" content=\"2024-11-01T18:18:34+00:00\" \/>\n<meta property=\"og:image\" content=\"https:\/\/canatees.com\/wp-content\/uploads\/2024\/06\/champion-league-navy.png\" \/>\n\t<meta property=\"og:image:width\" content=\"738\" \/>\n\t<meta property=\"og:image:height\" content=\"798\" \/>\n\t<meta property=\"og:image:type\" content=\"image\/png\" \/>\n<meta name=\"twitter:card\" content=\"summary_large_image\" \/>\n<meta name=\"twitter:site\" content=\"@canatees_canada\" \/>\n<script type=\"application\/ld+json\" class=\"yoast-schema-graph\">{\"@context\":\"https:\/\/schema.org\",\"@graph\":[{\"@type\":\"WebPage\",\"@id\":\"https:\/\/canatees.com\/fr\/produit\/ligue-des-champions\/\",\"url\":\"https:\/\/canatees.com\/fr\/produit\/ligue-des-champions\/\",\"name\":\"Ligue des champions - Canatees\",\"isPartOf\":{\"@id\":\"https:\/\/canatees.com\/fr\/#website\"},\"primaryImageOfPage\":{\"@id\":\"https:\/\/canatees.com\/fr\/produit\/ligue-des-champions\/#primaryimage\"},\"image\":{\"@id\":\"https:\/\/canatees.com\/fr\/produit\/ligue-des-champions\/#primaryimage\"},\"thumbnailUrl\":\"https:\/\/canatees.com\/wp-content\/uploads\/2024\/06\/champion-league-navy.png\",\"datePublished\":\"2024-06-23T13:48:26+00:00\",\"dateModified\":\"2024-11-01T18:18:34+00:00\",\"description\":\"T-shirt de qualit\u00e9 d\u00e9cor\u00e9 d'une impression color\u00e9e \\\"Champion League\\\". Disponible en marine et en blanc.\",\"breadcrumb\":{\"@id\":\"https:\/\/canatees.com\/fr\/produit\/ligue-des-champions\/#breadcrumb\"},\"inLanguage\":\"fr-FR\",\"potentialAction\":[{\"@type\":\"ReadAction\",\"target\":[\"https:\/\/canatees.com\/fr\/produit\/ligue-des-champions\/\"]}]},{\"@type\":\"ImageObject\",\"inLanguage\":\"fr-FR\",\"@id\":\"https:\/\/canatees.com\/fr\/produit\/ligue-des-champions\/#primaryimage\",\"url\":\"https:\/\/canatees.com\/wp-content\/uploads\/2024\/06\/champion-league-navy.png\",\"contentUrl\":\"https:\/\/canatees.com\/wp-content\/uploads\/2024\/06\/champion-league-navy.png\",\"width\":738,\"height\":798},{\"@type\":\"BreadcrumbList\",\"@id\":\"https:\/\/canatees.com\/fr\/produit\/ligue-des-champions\/#breadcrumb\",\"itemListElement\":[{\"@type\":\"ListItem\",\"position\":1,\"name\":\"Home\",\"item\":\"https:\/\/canatees.com\/fr\/\"},{\"@type\":\"ListItem\",\"position\":2,\"name\":\"Shop\",\"item\":\"https:\/\/canatees.com\/shop\/\"},{\"@type\":\"ListItem\",\"position\":3,\"name\":\"Ligue des champions\"}]},{\"@type\":\"WebSite\",\"@id\":\"https:\/\/canatees.com\/fr\/#website\",\"url\":\"https:\/\/canatees.com\/fr\/\",\"name\":\"Canatees\",\"description\":\"T-shirts &amp; Hoodies Canada\",\"publisher\":{\"@id\":\"https:\/\/canatees.com\/fr\/#organization\"},\"potentialAction\":[{\"@type\":\"SearchAction\",\"target\":{\"@type\":\"EntryPoint\",\"urlTemplate\":\"https:\/\/canatees.com\/fr\/?s={search_term_string}\"},\"query-input\":{\"@type\":\"PropertyValueSpecification\",\"valueRequired\":true,\"valueName\":\"search_term_string\"}}],\"inLanguage\":\"fr-FR\"},{\"@type\":\"Organization\",\"@id\":\"https:\/\/canatees.com\/fr\/#organization\",\"name\":\"Canatees\",\"url\":\"https:\/\/canatees.com\/fr\/\",\"logo\":{\"@type\":\"ImageObject\",\"inLanguage\":\"fr-FR\",\"@id\":\"https:\/\/canatees.com\/fr\/#\/schema\/logo\/image\/\",\"url\":\"https:\/\/canatees.com\/wp-content\/uploads\/2024\/06\/canatees_logo_web.png\",\"contentUrl\":\"https:\/\/canatees.com\/wp-content\/uploads\/2024\/06\/canatees_logo_web.png\",\"width\":500,\"height\":159,\"caption\":\"Canatees\"},\"image\":{\"@id\":\"https:\/\/canatees.com\/fr\/#\/schema\/logo\/image\/\"},\"sameAs\":[\"https:\/\/www.facebook.com\/profile.php?id=61560572533475\",\"https:\/\/x.com\/canatees_canada\"]}]}<\/script>\n<!-- \/ Yoast SEO plugin. -->","yoast_head_json":{"title":"Ligue des champions - Canatees","description":"T-shirt de qualit\u00e9 d\u00e9cor\u00e9 d'une impression color\u00e9e \"Champion League\". Disponible en marine et en blanc.","robots":{"index":"index","follow":"follow","max-snippet":"max-snippet:-1","max-image-preview":"max-image-preview:large","max-video-preview":"max-video-preview:-1"},"canonical":"https:\/\/canatees.com\/fr\/produit\/ligue-des-champions\/","og_locale":"fr_FR","og_type":"article","og_title":"Ligue des champions - Canatees","og_description":"T-shirt de qualit\u00e9 d\u00e9cor\u00e9 d'une impression color\u00e9e \"Champion League\". Disponible en marine et en blanc.","og_url":"https:\/\/canatees.com\/fr\/produit\/ligue-des-champions\/","og_site_name":"Canatees","article_publisher":"https:\/\/www.facebook.com\/profile.php?id=61560572533475","article_modified_time":"2024-11-01T18:18:34+00:00","og_image":[{"width":738,"height":798,"url":"https:\/\/canatees.com\/wp-content\/uploads\/2024\/06\/champion-league-navy.png","type":"image\/png"}],"twitter_card":"summary_large_image","twitter_site":"@canatees_canada","schema":{"@context":"https:\/\/schema.org","@graph":[{"@type":"WebPage","@id":"https:\/\/canatees.com\/fr\/produit\/ligue-des-champions\/","url":"https:\/\/canatees.com\/fr\/produit\/ligue-des-champions\/","name":"Ligue des champions - Canatees","isPartOf":{"@id":"https:\/\/canatees.com\/fr\/#website"},"primaryImageOfPage":{"@id":"https:\/\/canatees.com\/fr\/produit\/ligue-des-champions\/#primaryimage"},"image":{"@id":"https:\/\/canatees.com\/fr\/produit\/ligue-des-champions\/#primaryimage"},"thumbnailUrl":"https:\/\/canatees.com\/wp-content\/uploads\/2024\/06\/champion-league-navy.png","datePublished":"2024-06-23T13:48:26+00:00","dateModified":"2024-11-01T18:18:34+00:00","description":"T-shirt de qualit\u00e9 d\u00e9cor\u00e9 d'une impression color\u00e9e \"Champion League\". Disponible en marine et en blanc.","breadcrumb":{"@id":"https:\/\/canatees.com\/fr\/produit\/ligue-des-champions\/#breadcrumb"},"inLanguage":"fr-FR","potentialAction":[{"@type":"ReadAction","target":["https:\/\/canatees.com\/fr\/produit\/ligue-des-champions\/"]}]},{"@type":"ImageObject","inLanguage":"fr-FR","@id":"https:\/\/canatees.com\/fr\/produit\/ligue-des-champions\/#primaryimage","url":"https:\/\/canatees.com\/wp-content\/uploads\/2024\/06\/champion-league-navy.png","contentUrl":"https:\/\/canatees.com\/wp-content\/uploads\/2024\/06\/champion-league-navy.png","width":738,"height":798},{"@type":"BreadcrumbList","@id":"https:\/\/canatees.com\/fr\/produit\/ligue-des-champions\/#breadcrumb","itemListElement":[{"@type":"ListItem","position":1,"name":"Home","item":"https:\/\/canatees.com\/fr\/"},{"@type":"ListItem","position":2,"name":"Shop","item":"https:\/\/canatees.com\/shop\/"},{"@type":"ListItem","position":3,"name":"Ligue des champions"}]},{"@type":"WebSite","@id":"https:\/\/canatees.com\/fr\/#website","url":"https:\/\/canatees.com\/fr\/","name":"Canatees","description":"T-shirts &amp; Hoodies Canada","publisher":{"@id":"https:\/\/canatees.com\/fr\/#organization"},"potentialAction":[{"@type":"SearchAction","target":{"@type":"EntryPoint","urlTemplate":"https:\/\/canatees.com\/fr\/?s={search_term_string}"},"query-input":{"@type":"PropertyValueSpecification","valueRequired":true,"valueName":"search_term_string"}}],"inLanguage":"fr-FR"},{"@type":"Organization","@id":"https:\/\/canatees.com\/fr\/#organization","name":"Canatees","url":"https:\/\/canatees.com\/fr\/","logo":{"@type":"ImageObject","inLanguage":"fr-FR","@id":"https:\/\/canatees.com\/fr\/#\/schema\/logo\/image\/","url":"https:\/\/canatees.com\/wp-content\/uploads\/2024\/06\/canatees_logo_web.png","contentUrl":"https:\/\/canatees.com\/wp-content\/uploads\/2024\/06\/canatees_logo_web.png","width":500,"height":159,"caption":"Canatees"},"image":{"@id":"https:\/\/canatees.com\/fr\/#\/schema\/logo\/image\/"},"sameAs":["https:\/\/www.facebook.com\/profile.php?id=61560572533475","https:\/\/x.com\/canatees_canada"]}]}},"_links":{"self":[{"href":"https:\/\/canatees.com\/fr\/wp-json\/wp\/v2\/product\/1310","targetHints":{"allow":["GET"]}}],"collection":[{"href":"https:\/\/canatees.com\/fr\/wp-json\/wp\/v2\/product"}],"about":[{"href":"https:\/\/canatees.com\/fr\/wp-json\/wp\/v2\/types\/product"}],"wp:featuredmedia":[{"embeddable":true,"href":"https:\/\/canatees.com\/fr\/wp-json\/wp\/v2\/media\/902"}],"wp:attachment":[{"href":"https:\/\/canatees.com\/fr\/wp-json\/wp\/v2\/media?parent=1310"}],"wp:term":[{"taxonomy":"product_brand","embeddable":true,"href":"https:\/\/canatees.com\/fr\/wp-json\/wp\/v2\/product_brand?post=1310"},{"taxonomy":"product_cat","embeddable":true,"href":"https:\/\/canatees.com\/fr\/wp-json\/wp\/v2\/product_cat?post=1310"},{"taxonomy":"product_tag","embeddable":true,"href":"https:\/\/canatees.com\/fr\/wp-json\/wp\/v2\/product_tag?post=1310"}],"curies":[{"name":"wp","href":"https:\/\/api.w.org\/{rel}","templated":true}]}}