{"id":1145,"date":"2024-06-17T11:41:53","date_gmt":"2024-06-17T15:41:53","guid":{"rendered":"https:\/\/canatees.com\/a-propos-de-nous\/"},"modified":"2024-10-13T20:49:39","modified_gmt":"2024-10-14T00:49:39","slug":"a-propos-de-nous","status":"publish","type":"page","link":"https:\/\/canatees.com\/fr\/a-propos-de-nous\/","title":{"rendered":"\u00c0 propos de nous"},"content":{"rendered":"<p>[et_pb_section fb_built=\u00a0\u00bb1&Prime; admin_label=\u00a0\u00bbHeader\u00a0\u00bb _builder_version=\u00a0\u00bb4.22.0&Prime; _module_preset=\u00a0\u00bbdefault\u00a0\u00bb background_color=\u00a0\u00bbgcid-1ceede91-71be-464b-930c-ee204c722893&Prime; collapsed=\u00a0\u00bbon\u00a0\u00bb global_colors_info=\u00a0\u00bb{%22gcid-1ceede91-71be-464b-930c-ee204c722893%22:%91%22background_color%22%93}\u00a0\u00bb][et_pb_row column_structure=\u00a0\u00bb3_5,2_5&Prime; use_custom_gutter=\u00a0\u00bbon\u00a0\u00bb gutter_width=\u00a0\u00bb2&Prime; make_equal=\u00a0\u00bbon\u00a0\u00bb _builder_version=\u00a0\u00bb4.22.0&Prime; _module_preset=\u00a0\u00bbdefault\u00a0\u00bb global_colors_info=\u00a0\u00bb{}\u00a0\u00bb][et_pb_column type=\u00a0\u00bb3_5&Prime; _builder_version=\u00a0\u00bb4.22.0&Prime; _module_preset=\u00a0\u00bbdefault\u00a0\u00bb background_color=\u00a0\u00bbgcid-de749df5-82d7-4bad-ba2b-a56855f698d2&Prime; custom_padding=\u00a0\u00bb40px|40px|40px|40px|true|true\u00a0\u00bb custom_padding_tablet=\u00a0\u00bb30px|30px|30px|30px|true|true\u00a0\u00bb custom_padding_phone=\u00a0\u00bb20px|20px|20px|20px|true|true\u00a0\u00bb custom_padding_last_edited=\u00a0\u00bbon|desktop\u00a0\u00bb border_radii=\u00a0\u00bbon|20px|20px|20px|20px\u00a0\u00bb global_colors_info=\u00a0\u00bb{%22gcid-de749df5-82d7-4bad-ba2b-a56855f698d2%22:%91%22background_color%22%93}\u00a0\u00bb][et_pb_text _builder_version=\u00a0\u00bb4.22.0&Prime; _module_preset=\u00a0\u00bb947ccd75-9cc0-4ca2-8317-22e897fe0c70&Prime; global_colors_info=\u00a0\u00bb{}\u00a0\u00bb]<\/p>\n<h4>\u00c0 propos de nous<\/h4>\n<p>[\/et_pb_text][et_pb_text _builder_version=\u00a0\u00bb4.25.2&Prime; _module_preset=\u00a0\u00bb966488a5-b9ef-4b09-907d-d1c2003c0438&Prime; custom_margin=\u00a0\u00bb||10px||false|false\u00a0\u00bb global_colors_info=\u00a0\u00bb{}\u00a0\u00bb]<\/p>\n<h1>\u00c0 propos de Canatees<\/h1>\n<p>[\/et_pb_text][et_pb_text _builder_version=\u00a0\u00bb4.25.2&Prime; _module_preset=\u00a0\u00bb354178cb-7fd1-49de-b236-10fafc35471d\u00a0\u00bb global_colors_info=\u00a0\u00bb{}\u00a0\u00bb]<\/p>\n<p>Vous pouvez acheter des t-shirts en ligne sur Canatees.com. Nous desservons tout le Canada.<\/p>\n<p>[\/et_pb_text][et_pb_button button_url=\u00a0\u00bbhttps:\/\/canatees.com\/shop\/\u00a0\u00bb button_text=\u00a0\u00bbAcheter en ligne\u00a0\u00bb _builder_version=\u00a0\u00bb4.25.2&Prime; _module_preset=\u00a0\u00bb8bcff21c-9b98-45a2-a096-407f125690c8&Prime; global_colors_info=\u00a0\u00bb{}\u00a0\u00bb][\/et_pb_button][\/et_pb_column][et_pb_column type=\u00a0\u00bb2_5&Prime; _builder_version=\u00a0\u00bb4.22.0&Prime; _module_preset=\u00a0\u00bbdefault\u00a0\u00bb background_image=\u00a0\u00bbhttps:\/\/canatees.com\/wp-content\/uploads\/2024\/06\/fashion-sunglasses-1b.jpg\u00a0\u00bb border_radii=\u00a0\u00bbon|20px|20px|20px|20px\u00a0\u00bb global_colors_info=\u00a0\u00bb{}\u00a0\u00bb][et_pb_divider show_divider=\u00a0\u00bboff\u00a0\u00bb _builder_version=\u00a0\u00bb4.22.0&Prime; _module_preset=\u00a0\u00bbdefault\u00a0\u00bb height_tablet=\u00a0\u00bb40vw\u00a0\u00bb height_phone=\u00a0\u00bb40vw\u00a0\u00bb height_last_edited=\u00a0\u00bbon|desktop\u00a0\u00bb locked=\u00a0\u00bboff\u00a0\u00bb global_colors_info=\u00a0\u00bb{}\u00a0\u00bb][\/et_pb_divider][\/et_pb_column][\/et_pb_row][\/et_pb_section][et_pb_section fb_built=\u00a0\u00bb1&Prime; admin_label=\u00a0\u00bbAbout\u00a0\u00bb _builder_version=\u00a0\u00bb4.22.0&Prime; _module_preset=\u00a0\u00bbdefault\u00a0\u00bb background_color=\u00a0\u00bbgcid-28366106-ecf8-496b-97f0-6a9be6882356&Prime; locked=\u00a0\u00bboff\u00a0\u00bb collapsed=\u00a0\u00bbon\u00a0\u00bb global_colors_info=\u00a0\u00bb{%22gcid-28366106-ecf8-496b-97f0-6a9be6882356%22:%91%22background_color%22%93}\u00a0\u00bb][et_pb_row column_structure=\u00a0\u00bb1_2,1_2&Prime; make_equal=\u00a0\u00bbon\u00a0\u00bb _builder_version=\u00a0\u00bb4.22.0&Prime; _module_preset=\u00a0\u00bbdefault\u00a0\u00bb global_colors_info=\u00a0\u00bb{}\u00a0\u00bb][et_pb_column type=\u00a0\u00bb1_2&Prime; _builder_version=\u00a0\u00bb4.22.0&Prime; _module_preset=\u00a0\u00bbdefault\u00a0\u00bb global_colors_info=\u00a0\u00bb{}\u00a0\u00bb][et_pb_image src=\u00a0\u00bbhttps:\/\/canatees.com\/wp-content\/uploads\/2024\/06\/fashion-sunglasses-30.jpg\u00a0\u00bb title_text=\u00a0\u00bbLunettes de soleil fashion-30&Prime; _builder_version=\u00a0\u00bb4.22.0&Prime; _module_preset=\u00a0\u00bbdefault\u00a0\u00bb border_radii=\u00a0\u00bbon|20px|20px|20px|20px\u00a0\u00bb global_colors_info=\u00a0\u00bb{}\u00a0\u00bb][\/et_pb_image][\/et_pb_column][et_pb_column type=\u00a0\u00bb1_2&Prime; _builder_version=\u00a0\u00bb4.22.0&Prime; _module_preset=\u00a0\u00bbdefault\u00a0\u00bb global_colors_info=\u00a0\u00bb{}\u00a0\u00bb][et_pb_text _builder_version=\u00a0\u00bb4.22.0&Prime; _module_preset=\u00a0\u00bb947ccd75-9cc0-4ca2-8317-22e897fe0c70&Prime; header_4_text_color=\u00a0\u00bb#FFFFFF\u00a0\u00bb global_colors_info=\u00a0\u00bb{}\u00a0\u00bb]<\/p>\n<h4>Un long voyage<\/h4>\n<p>[\/et_pb_text][et_pb_text _builder_version=\u00a0\u00bb4.22.0&Prime; _module_preset=\u00a0\u00bbb9932b32-467d-45ca-b673-5ff6e36ba6f1&Prime; header_2_text_color=\u00a0\u00bb#FFFFFF\u00a0\u00bb custom_margin=\u00a0\u00bb||10px||false|false\u00a0\u00bb global_colors_info=\u00a0\u00bb{}\u00a0\u00bb]<\/p>\n<h2>Notre histoire<\/h2>\n<p>[\/et_pb_text][et_pb_text _builder_version=\u00a0\u00bb4.27.0&Prime; _module_preset=\u00a0\u00bb354178cb-7fd1-49de-b236-10fafc35471d\u00a0\u00bb text_text_color=\u00a0\u00bb#FFFFFF\u00a0\u00bb hover_enabled=\u00a0\u00bb0&Prime; global_colors_info=\u00a0\u00bb{}\u00a0\u00bb sticky_enabled=\u00a0\u00bb0&Prime;]<\/p>\n<p>Vous pouvez acheter des t-shirts en ligne sur Canatees.com. Nous offrons une vari\u00e9t\u00e9 de t-shirts imprim\u00e9s au design unique qui illustrent des th\u00e8mes canadiens tels que la musique, les sports, les villes et la nature. Vous pouvez d\u00e9couvrir diff\u00e9rents styles et imprim\u00e9s pour les hommes, les femmes et les enfants. En outre, nous offrons la possibilit\u00e9 de cr\u00e9er des t-shirts personnalis\u00e9s par l&rsquo;interm\u00e9diaire de notre site partenaire, Print-EZ.com.<\/p>\n<p>&nbsp;<\/p>\n<p>Tous les sites web sont d\u00e9tenus et entretenus par Koops Digital. Nous ferons de notre mieux pour vous fournir des T-shirts et des dessins originaux et de qualit\u00e9, et nous ajouterons de nouveaux dessins chaque jour. Si vous \u00eates un cr\u00e9ateur canadien, prenez contact avec nous car nous sommes toujours \u00e0 la recherche de cr\u00e9ations fra\u00eeches et originales. Comme nous sommes canadiens, nous encourageons les cr\u00e9ateurs \u00e0 nous soumettre leurs cr\u00e9ations en rapport avec TOUT ce qui est canadien.<\/p>\n<p>Pour ceux qui sont \u00e0 la recherche de T-shirts originaux, continuez \u00e0 nous rendre visite et nous aurons tr\u00e8s probablement quelque chose qui vous plaira tr\u00e8s bient\u00f4t.<\/p>\n<p>&nbsp;<\/p>\n<p>Profitez de votre journ\u00e9e et soyez heureux !<\/p>\n<p>&nbsp;<\/p>\n<p><span style=\"color: #ffcc00;\"><em>PS : Nous utilisons des marques telles que Gildan, Jerzees et Fruit of the Loom.<\/em><\/span><\/p>\n<p>&nbsp;<\/p>\n<p>[\/et_pb_text][\/et_pb_column][\/et_pb_row][\/et_pb_section][et_pb_section fb_built=\u00a0\u00bb1&Prime; admin_label=\u00a0\u00bbMission &#038; Vision\u00a0\u00bb _builder_version=\u00a0\u00bb4.22.0&Prime; _module_preset=\u00a0\u00bbdefault\u00a0\u00bb background_color=\u00a0\u00bbgcid-28366106-ecf8-496b-97f0-6a9be6882356&Prime; collapsed=\u00a0\u00bbon\u00a0\u00bb global_colors_info=\u00a0\u00bb{%22gcid-28366106-ecf8-496b-97f0-6a9be6882356%22:%91%22background_color%22%93}\u00a0\u00bb][et_pb_row column_structure=\u00a0\u00bb1_2,1_2&Prime; _builder_version=\u00a0\u00bb4.22.0&Prime; _module_preset=\u00a0\u00bbdefault\u00a0\u00bb border_color_all=\u00a0\u00bb#FFFFFF\u00a0\u00bb border_width_bottom=\u00a0\u00bb1px\u00a0\u00bb global_colors_info=\u00a0\u00bb{}\u00a0\u00bb][et_pb_column type=\u00a0\u00bb1_2&Prime; _builder_version=\u00a0\u00bb4.22.0&Prime; _module_preset=\u00a0\u00bbdefault\u00a0\u00bb global_colors_info=\u00a0\u00bb{}\u00a0\u00bb][et_pb_text _builder_version=\u00a0\u00bb4.22.0&Prime; _module_preset=\u00a0\u00bb741e780c-4267-4f3c-950c-7adde59007f2&Prime; header_5_text_color=\u00a0\u00bb#FFFFFF\u00a0\u00bb text_orientation=\u00a0\u00bbright\u00a0\u00bb text_orientation_tablet=\u00a0\u00bbleft\u00a0\u00bb text_orientation_phone=\u00a0\u00bbleft\u00a0\u00bb text_orientation_last_edited=\u00a0\u00bbon|tablet\u00a0\u00bb global_colors_info=\u00a0\u00bb{}\u00a0\u00bb]<\/p>\n<h5>Notre mission<\/h5>\n<p>[\/et_pb_text][\/et_pb_column][et_pb_column type=\u00a0\u00bb1_2&Prime; _builder_version=\u00a0\u00bb4.22.0&Prime; _module_preset=\u00a0\u00bbdefault\u00a0\u00bb global_colors_info=\u00a0\u00bb{}\u00a0\u00bb][et_pb_text _builder_version=\u00a0\u00bb4.27.0&Prime; _module_preset=\u00a0\u00bb354178cb-7fd1-49de-b236-10fafc35471d\u00a0\u00bb text_text_color=\u00a0\u00bb#FFFFFF\u00a0\u00bb hover_enabled=\u00a0\u00bb0&Prime; global_colors_info=\u00a0\u00bb{}\u00a0\u00bb sticky_enabled=\u00a0\u00bb0&Prime;]<\/p>\n<p>C&rsquo;est tr\u00e8s simple. Nous voulons vous fournir des T-shirts avec des impressions originales qui, nous l&rsquo;esp\u00e9rons, apporteront un sourire sur le visage des gens.<\/p>\n<p>[\/et_pb_text][\/et_pb_column][\/et_pb_row][et_pb_row column_structure=\u00a0\u00bb1_2,1_2&Prime; _builder_version=\u00a0\u00bb4.22.0&Prime; _module_preset=\u00a0\u00bbdefault\u00a0\u00bb border_color_all=\u00a0\u00bb#FFFFFF\u00a0\u00bb border_width_bottom=\u00a0\u00bb1px\u00a0\u00bb global_colors_info=\u00a0\u00bb{}\u00a0\u00bb][et_pb_column type=\u00a0\u00bb1_2&Prime; _builder_version=\u00a0\u00bb4.22.0&Prime; _module_preset=\u00a0\u00bbdefault\u00a0\u00bb global_colors_info=\u00a0\u00bb{}\u00a0\u00bb][et_pb_text _builder_version=\u00a0\u00bb4.22.0&Prime; _module_preset=\u00a0\u00bb741e780c-4267-4f3c-950c-7adde59007f2&Prime; header_5_text_color=\u00a0\u00bb#FFFFFF\u00a0\u00bb text_orientation=\u00a0\u00bbright\u00a0\u00bb text_orientation_tablet=\u00a0\u00bbleft\u00a0\u00bb text_orientation_phone=\u00a0\u00bbleft\u00a0\u00bb text_orientation_last_edited=\u00a0\u00bbon|tablet\u00a0\u00bb global_colors_info=\u00a0\u00bb{}\u00a0\u00bb]<\/p>\n<h5>Notre vision<\/h5>\n<p>[\/et_pb_text][\/et_pb_column][et_pb_column type=\u00a0\u00bb1_2&Prime; _builder_version=\u00a0\u00bb4.22.0&Prime; _module_preset=\u00a0\u00bbdefault\u00a0\u00bb global_colors_info=\u00a0\u00bb{}\u00a0\u00bb][et_pb_text _builder_version=\u00a0\u00bb4.25.2&Prime; _module_preset=\u00a0\u00bb354178cb-7fd1-49de-b236-10fafc35471d\u00a0\u00bb text_text_color=\u00a0\u00bb#FFFFFF\u00a0\u00bb global_colors_info=\u00a0\u00bb{}\u00a0\u00bb]<\/p>\n<p>Notre objectif est de faire de ce site Internet le plus grand site canadien de t-shirts imprim\u00e9s.<\/p>\n<p>[\/et_pb_text][\/et_pb_column][\/et_pb_row][et_pb_row column_structure=\u00a0\u00bb1_2,1_2&Prime; _builder_version=\u00a0\u00bb4.22.0&Prime; _module_preset=\u00a0\u00bbdefault\u00a0\u00bb border_color_all=\u00a0\u00bb#FFFFFF\u00a0\u00bb border_width_bottom=\u00a0\u00bb1px\u00a0\u00bb global_colors_info=\u00a0\u00bb{}\u00a0\u00bb][et_pb_column type=\u00a0\u00bb1_2&Prime; _builder_version=\u00a0\u00bb4.22.0&Prime; _module_preset=\u00a0\u00bbdefault\u00a0\u00bb global_colors_info=\u00a0\u00bb{}\u00a0\u00bb][et_pb_text _builder_version=\u00a0\u00bb4.22.0&Prime; _module_preset=\u00a0\u00bb741e780c-4267-4f3c-950c-7adde59007f2&Prime; header_5_text_color=\u00a0\u00bb#FFFFFF\u00a0\u00bb text_orientation=\u00a0\u00bbright\u00a0\u00bb text_orientation_tablet=\u00a0\u00bbleft\u00a0\u00bb text_orientation_phone=\u00a0\u00bbleft\u00a0\u00bb text_orientation_last_edited=\u00a0\u00bbon|tablet\u00a0\u00bb global_colors_info=\u00a0\u00bb{}\u00a0\u00bb]<\/p>\n<h5>Nos valeurs<\/h5>\n<p>[\/et_pb_text][\/et_pb_column][et_pb_column type=\u00a0\u00bb1_2&Prime; _builder_version=\u00a0\u00bb4.22.0&Prime; _module_preset=\u00a0\u00bbdefault\u00a0\u00bb global_colors_info=\u00a0\u00bb{}\u00a0\u00bb][et_pb_text _builder_version=\u00a0\u00bb4.25.2&Prime; _module_preset=\u00a0\u00bb354178cb-7fd1-49de-b236-10fafc35471d\u00a0\u00bb text_text_color=\u00a0\u00bb#FFFFFF\u00a0\u00bb global_colors_info=\u00a0\u00bb{}\u00a0\u00bb]<\/p>\n<p>Qualit\u00e9, cr\u00e9ativit\u00e9, satisfaction du client, durabilit\u00e9, int\u00e9grit\u00e9, engagement communautaire, accessibilit\u00e9 financi\u00e8re, innovation et passion.<\/p>\n<p>[\/et_pb_text][\/et_pb_column][\/et_pb_row][\/et_pb_section]<\/p>\n","protected":false},"excerpt":{"rendered":"<p>\u00c0 propos de nous\u00c0 propos de CanateesVous pouvez acheter des t-shirts en ligne sur Canatees.com. Nous desservons tout le Canada.Un long voyageNotre histoireVous pouvez acheter des t-shirts en ligne sur Canatees.com. Nous offrons une vari\u00e9t\u00e9 de t-shirts imprim\u00e9s au design unique qui illustrent des th\u00e8mes canadiens tels que la musique, les sports, les villes et [&hellip;]<\/p>\n","protected":false},"author":1,"featured_media":3547,"parent":0,"menu_order":0,"comment_status":"closed","ping_status":"closed","template":"","meta":{"_et_pb_use_builder":"on","_et_pb_old_content":"","_et_gb_content_width":"","footnotes":""},"class_list":["post-1145","page","type-page","status-publish","has-post-thumbnail","hentry"],"yoast_head":"<!-- This site is optimized with the Yoast SEO plugin v26.6 - https:\/\/yoast.com\/wordpress\/plugins\/seo\/ -->\n<title>\u00c0 propos de nous - Canatees<\/title>\n<meta name=\"description\" content=\"Canatees est le premier fournisseur de v\u00eatements imprim\u00e9s et brod\u00e9s au Canada. Nous fournissons \u00e9galement des v\u00eatements d&#039;entreprise et des cascuettes et tuques.\" \/>\n<meta name=\"robots\" content=\"index, follow, max-snippet:-1, max-image-preview:large, max-video-preview:-1\" \/>\n<link rel=\"canonical\" href=\"https:\/\/canatees.com\/fr\/a-propos-de-nous\/\" \/>\n<meta property=\"og:locale\" content=\"fr_FR\" \/>\n<meta property=\"og:type\" content=\"article\" \/>\n<meta property=\"og:title\" content=\"\u00c0 propos de nous - Canatees\" \/>\n<meta property=\"og:description\" content=\"Canatees est le premier fournisseur de v\u00eatements imprim\u00e9s et brod\u00e9s au Canada. Nous fournissons \u00e9galement des v\u00eatements d&#039;entreprise et des cascuettes et tuques.\" \/>\n<meta property=\"og:url\" content=\"https:\/\/canatees.com\/fr\/a-propos-de-nous\/\" \/>\n<meta property=\"og:site_name\" content=\"Canatees\" \/>\n<meta property=\"article:publisher\" content=\"https:\/\/www.facebook.com\/profile.php?id=61560572533475\" \/>\n<meta property=\"article:modified_time\" content=\"2024-10-14T00:49:39+00:00\" \/>\n<meta property=\"og:image\" content=\"https:\/\/canatees.com\/wp-content\/uploads\/2024\/10\/canatees-1200x675-2.jpg\" \/>\n\t<meta property=\"og:image:width\" content=\"1200\" \/>\n\t<meta property=\"og:image:height\" content=\"675\" \/>\n\t<meta property=\"og:image:type\" content=\"image\/jpeg\" \/>\n<meta name=\"twitter:card\" content=\"summary_large_image\" \/>\n<meta name=\"twitter:site\" content=\"@canatees_canada\" \/>\n<meta name=\"twitter:label1\" content=\"Dur\u00e9e de lecture estim\u00e9e\" \/>\n\t<meta name=\"twitter:data1\" content=\"6 minutes\" \/>\n<script type=\"application\/ld+json\" class=\"yoast-schema-graph\">{\"@context\":\"https:\/\/schema.org\",\"@graph\":[{\"@type\":\"WebPage\",\"@id\":\"https:\/\/canatees.com\/fr\/a-propos-de-nous\/\",\"url\":\"https:\/\/canatees.com\/fr\/a-propos-de-nous\/\",\"name\":\"\u00c0 propos de nous - Canatees\",\"isPartOf\":{\"@id\":\"https:\/\/canatees.com\/fr\/#website\"},\"primaryImageOfPage\":{\"@id\":\"https:\/\/canatees.com\/fr\/a-propos-de-nous\/#primaryimage\"},\"image\":{\"@id\":\"https:\/\/canatees.com\/fr\/a-propos-de-nous\/#primaryimage\"},\"thumbnailUrl\":\"https:\/\/canatees.com\/wp-content\/uploads\/2024\/10\/canatees-1200x675-2.jpg\",\"datePublished\":\"2024-06-17T15:41:53+00:00\",\"dateModified\":\"2024-10-14T00:49:39+00:00\",\"description\":\"Canatees est le premier fournisseur de v\u00eatements imprim\u00e9s et brod\u00e9s au Canada. Nous fournissons \u00e9galement des v\u00eatements d'entreprise et des cascuettes et tuques.\",\"breadcrumb\":{\"@id\":\"https:\/\/canatees.com\/fr\/a-propos-de-nous\/#breadcrumb\"},\"inLanguage\":\"fr-FR\",\"potentialAction\":[{\"@type\":\"ReadAction\",\"target\":[\"https:\/\/canatees.com\/fr\/a-propos-de-nous\/\"]}]},{\"@type\":\"ImageObject\",\"inLanguage\":\"fr-FR\",\"@id\":\"https:\/\/canatees.com\/fr\/a-propos-de-nous\/#primaryimage\",\"url\":\"https:\/\/canatees.com\/wp-content\/uploads\/2024\/10\/canatees-1200x675-2.jpg\",\"contentUrl\":\"https:\/\/canatees.com\/wp-content\/uploads\/2024\/10\/canatees-1200x675-2.jpg\",\"width\":1200,\"height\":675,\"caption\":\"canatees\"},{\"@type\":\"BreadcrumbList\",\"@id\":\"https:\/\/canatees.com\/fr\/a-propos-de-nous\/#breadcrumb\",\"itemListElement\":[{\"@type\":\"ListItem\",\"position\":1,\"name\":\"Home\",\"item\":\"https:\/\/canatees.com\/fr\/\"},{\"@type\":\"ListItem\",\"position\":2,\"name\":\"\u00c0 propos de nous\"}]},{\"@type\":\"WebSite\",\"@id\":\"https:\/\/canatees.com\/fr\/#website\",\"url\":\"https:\/\/canatees.com\/fr\/\",\"name\":\"Canatees\",\"description\":\"T-shirts &amp; Hoodies Canada\",\"publisher\":{\"@id\":\"https:\/\/canatees.com\/fr\/#organization\"},\"potentialAction\":[{\"@type\":\"SearchAction\",\"target\":{\"@type\":\"EntryPoint\",\"urlTemplate\":\"https:\/\/canatees.com\/fr\/?s={search_term_string}\"},\"query-input\":{\"@type\":\"PropertyValueSpecification\",\"valueRequired\":true,\"valueName\":\"search_term_string\"}}],\"inLanguage\":\"fr-FR\"},{\"@type\":\"Organization\",\"@id\":\"https:\/\/canatees.com\/fr\/#organization\",\"name\":\"Canatees\",\"url\":\"https:\/\/canatees.com\/fr\/\",\"logo\":{\"@type\":\"ImageObject\",\"inLanguage\":\"fr-FR\",\"@id\":\"https:\/\/canatees.com\/fr\/#\/schema\/logo\/image\/\",\"url\":\"https:\/\/canatees.com\/wp-content\/uploads\/2024\/06\/canatees_logo_web.png\",\"contentUrl\":\"https:\/\/canatees.com\/wp-content\/uploads\/2024\/06\/canatees_logo_web.png\",\"width\":500,\"height\":159,\"caption\":\"Canatees\"},\"image\":{\"@id\":\"https:\/\/canatees.com\/fr\/#\/schema\/logo\/image\/\"},\"sameAs\":[\"https:\/\/www.facebook.com\/profile.php?id=61560572533475\",\"https:\/\/x.com\/canatees_canada\"]}]}<\/script>\n<!-- \/ Yoast SEO plugin. -->","yoast_head_json":{"title":"\u00c0 propos de nous - Canatees","description":"Canatees est le premier fournisseur de v\u00eatements imprim\u00e9s et brod\u00e9s au Canada. Nous fournissons \u00e9galement des v\u00eatements d'entreprise et des cascuettes et tuques.","robots":{"index":"index","follow":"follow","max-snippet":"max-snippet:-1","max-image-preview":"max-image-preview:large","max-video-preview":"max-video-preview:-1"},"canonical":"https:\/\/canatees.com\/fr\/a-propos-de-nous\/","og_locale":"fr_FR","og_type":"article","og_title":"\u00c0 propos de nous - Canatees","og_description":"Canatees est le premier fournisseur de v\u00eatements imprim\u00e9s et brod\u00e9s au Canada. Nous fournissons \u00e9galement des v\u00eatements d'entreprise et des cascuettes et tuques.","og_url":"https:\/\/canatees.com\/fr\/a-propos-de-nous\/","og_site_name":"Canatees","article_publisher":"https:\/\/www.facebook.com\/profile.php?id=61560572533475","article_modified_time":"2024-10-14T00:49:39+00:00","og_image":[{"width":1200,"height":675,"url":"https:\/\/canatees.com\/wp-content\/uploads\/2024\/10\/canatees-1200x675-2.jpg","type":"image\/jpeg"}],"twitter_card":"summary_large_image","twitter_site":"@canatees_canada","twitter_misc":{"Dur\u00e9e de lecture estim\u00e9e":"6 minutes"},"schema":{"@context":"https:\/\/schema.org","@graph":[{"@type":"WebPage","@id":"https:\/\/canatees.com\/fr\/a-propos-de-nous\/","url":"https:\/\/canatees.com\/fr\/a-propos-de-nous\/","name":"\u00c0 propos de nous - Canatees","isPartOf":{"@id":"https:\/\/canatees.com\/fr\/#website"},"primaryImageOfPage":{"@id":"https:\/\/canatees.com\/fr\/a-propos-de-nous\/#primaryimage"},"image":{"@id":"https:\/\/canatees.com\/fr\/a-propos-de-nous\/#primaryimage"},"thumbnailUrl":"https:\/\/canatees.com\/wp-content\/uploads\/2024\/10\/canatees-1200x675-2.jpg","datePublished":"2024-06-17T15:41:53+00:00","dateModified":"2024-10-14T00:49:39+00:00","description":"Canatees est le premier fournisseur de v\u00eatements imprim\u00e9s et brod\u00e9s au Canada. Nous fournissons \u00e9galement des v\u00eatements d'entreprise et des cascuettes et tuques.","breadcrumb":{"@id":"https:\/\/canatees.com\/fr\/a-propos-de-nous\/#breadcrumb"},"inLanguage":"fr-FR","potentialAction":[{"@type":"ReadAction","target":["https:\/\/canatees.com\/fr\/a-propos-de-nous\/"]}]},{"@type":"ImageObject","inLanguage":"fr-FR","@id":"https:\/\/canatees.com\/fr\/a-propos-de-nous\/#primaryimage","url":"https:\/\/canatees.com\/wp-content\/uploads\/2024\/10\/canatees-1200x675-2.jpg","contentUrl":"https:\/\/canatees.com\/wp-content\/uploads\/2024\/10\/canatees-1200x675-2.jpg","width":1200,"height":675,"caption":"canatees"},{"@type":"BreadcrumbList","@id":"https:\/\/canatees.com\/fr\/a-propos-de-nous\/#breadcrumb","itemListElement":[{"@type":"ListItem","position":1,"name":"Home","item":"https:\/\/canatees.com\/fr\/"},{"@type":"ListItem","position":2,"name":"\u00c0 propos de nous"}]},{"@type":"WebSite","@id":"https:\/\/canatees.com\/fr\/#website","url":"https:\/\/canatees.com\/fr\/","name":"Canatees","description":"T-shirts &amp; Hoodies Canada","publisher":{"@id":"https:\/\/canatees.com\/fr\/#organization"},"potentialAction":[{"@type":"SearchAction","target":{"@type":"EntryPoint","urlTemplate":"https:\/\/canatees.com\/fr\/?s={search_term_string}"},"query-input":{"@type":"PropertyValueSpecification","valueRequired":true,"valueName":"search_term_string"}}],"inLanguage":"fr-FR"},{"@type":"Organization","@id":"https:\/\/canatees.com\/fr\/#organization","name":"Canatees","url":"https:\/\/canatees.com\/fr\/","logo":{"@type":"ImageObject","inLanguage":"fr-FR","@id":"https:\/\/canatees.com\/fr\/#\/schema\/logo\/image\/","url":"https:\/\/canatees.com\/wp-content\/uploads\/2024\/06\/canatees_logo_web.png","contentUrl":"https:\/\/canatees.com\/wp-content\/uploads\/2024\/06\/canatees_logo_web.png","width":500,"height":159,"caption":"Canatees"},"image":{"@id":"https:\/\/canatees.com\/fr\/#\/schema\/logo\/image\/"},"sameAs":["https:\/\/www.facebook.com\/profile.php?id=61560572533475","https:\/\/x.com\/canatees_canada"]}]}},"_links":{"self":[{"href":"https:\/\/canatees.com\/fr\/wp-json\/wp\/v2\/pages\/1145","targetHints":{"allow":["GET"]}}],"collection":[{"href":"https:\/\/canatees.com\/fr\/wp-json\/wp\/v2\/pages"}],"about":[{"href":"https:\/\/canatees.com\/fr\/wp-json\/wp\/v2\/types\/page"}],"author":[{"embeddable":true,"href":"https:\/\/canatees.com\/fr\/wp-json\/wp\/v2\/users\/1"}],"replies":[{"embeddable":true,"href":"https:\/\/canatees.com\/fr\/wp-json\/wp\/v2\/comments?post=1145"}],"version-history":[{"count":0,"href":"https:\/\/canatees.com\/fr\/wp-json\/wp\/v2\/pages\/1145\/revisions"}],"wp:featuredmedia":[{"embeddable":true,"href":"https:\/\/canatees.com\/fr\/wp-json\/wp\/v2\/media\/3547"}],"wp:attachment":[{"href":"https:\/\/canatees.com\/fr\/wp-json\/wp\/v2\/media?parent=1145"}],"curies":[{"name":"wp","href":"https:\/\/api.w.org\/{rel}","templated":true}]}}